{"id":768,"date":"2024-08-17T12:07:13","date_gmt":"2024-08-17T10:07:13","guid":{"rendered":"https:\/\/guidanceetenergie.fr\/?page_id=768"},"modified":"2024-08-17T15:08:38","modified_gmt":"2024-08-17T13:08:38","slug":"bqh","status":"publish","type":"page","link":"https:\/\/guidanceetenergie.fr\/index.php\/bqh\/","title":{"rendered":"BQH"},"content":{"rendered":"\t\t<div data-elementor-type=\"wp-page\" data-elementor-id=\"768\" class=\"elementor elementor-768\">\n\t\t\t\t<div class=\"elementor-element elementor-element-5e83cc7 e-flex e-con-boxed e-con e-parent\" data-id=\"5e83cc7\" data-element_type=\"container\" data-e-type=\"container\">\n\t\t\t\t\t<div class=\"e-con-inner\">\n\t\t\t\t<div class=\"elementor-element elementor-element-d5b7de5 elementor-widget elementor-widget-heading\" data-id=\"d5b7de5\" data-element_type=\"widget\" data-e-type=\"widget\" data-widget_type=\"heading.default\">\n\t\t\t\t<div class=\"elementor-widget-container\">\n\t\t\t\t\t<h2 class=\"elementor-heading-title elementor-size-default\">BQH Au del\u00e0 du soin quantique<\/h2>\t\t\t\t<\/div>\n\t\t\t\t<\/div>\n\t\t\t\t\t<\/div>\n\t\t\t\t<\/div>\n\t\t<div class=\"elementor-element elementor-element-421c35c e-flex e-con-boxed e-con e-parent\" data-id=\"421c35c\" data-element_type=\"container\" data-e-type=\"container\">\n\t\t\t\t\t<div class=\"e-con-inner\">\n\t\t\t\t<div class=\"elementor-element elementor-element-1ec76ee elementor-widget elementor-widget-accordion\" data-id=\"1ec76ee\" data-element_type=\"widget\" data-e-type=\"widget\" data-widget_type=\"accordion.default\">\n\t\t\t\t<div class=\"elementor-widget-container\">\n\t\t\t\t\t\t\t<div class=\"elementor-accordion\">\n\t\t\t\t\t\t\t<div class=\"elementor-accordion-item\">\n\t\t\t\t\t<div id=\"elementor-tab-title-3221\" class=\"elementor-tab-title\" data-tab=\"1\" role=\"button\" aria-controls=\"elementor-tab-content-3221\" aria-expanded=\"false\">\n\t\t\t\t\t\t\t\t\t\t\t\t\t<span class=\"elementor-accordion-icon elementor-accordion-icon-left\" aria-hidden=\"true\">\n\t\t\t\t\t\t\t\t\t\t\t\t\t\t\t<span class=\"elementor-accordion-icon-closed\"><svg class=\"e-font-icon-svg e-fas-plus\" viewBox=\"0 0 448 512\" xmlns=\"http:\/\/www.w3.org\/2000\/svg\"><path d=\"M416 208H272V64c0-17.67-14.33-32-32-32h-32c-17.67 0-32 14.33-32 32v144H32c-17.67 0-32 14.33-32 32v32c0 17.67 14.33 32 32 32h144v144c0 17.67 14.33 32 32 32h32c17.67 0 32-14.33 32-32V304h144c17.67 0 32-14.33 32-32v-32c0-17.67-14.33-32-32-32z\"><\/path><\/svg><\/span>\n\t\t\t\t\t\t\t\t<span class=\"elementor-accordion-icon-opened\"><svg class=\"e-font-icon-svg e-fas-minus\" viewBox=\"0 0 448 512\" xmlns=\"http:\/\/www.w3.org\/2000\/svg\"><path d=\"M416 208H32c-17.67 0-32 14.33-32 32v32c0 17.67 14.33 32 32 32h384c17.67 0 32-14.33 32-32v-32c0-17.67-14.33-32-32-32z\"><\/path><\/svg><\/span>\n\t\t\t\t\t\t\t\t\t\t\t\t\t\t<\/span>\n\t\t\t\t\t\t\t\t\t\t\t\t<a class=\"elementor-accordion-title\" tabindex=\"0\">Qu'est ce que BQH?<\/a>\n\t\t\t\t\t<\/div>\n\t\t\t\t\t<div id=\"elementor-tab-content-3221\" class=\"elementor-tab-content elementor-clearfix\" data-tab=\"1\" role=\"region\" aria-labelledby=\"elementor-tab-title-3221\"><p>BQH (Beyond Quantum Healing) en fran\u00e7ais veut dire : au-del\u00e0 de la gu\u00e9rison quantique, c&rsquo;est une technique d\u00e9velopp\u00e9e par Candace Craw-Goldman. Elle vise \u00e0 acc\u00e9der aux aspects multidimensionnels de l&rsquo;\u00eatre humain et \u00e0 travailler avec eux. La BQH utilise une combinaison de m\u00e9ditation, d&rsquo;hypnose, de travail \u00e9nerg\u00e9tique et de conseils intuitifs pour faciliter la gu\u00e9rison \u00e0 tous les niveaux &#8211; physique, \u00e9motionnel, mental et spirituel. En tant que praticienne certifi\u00e9e, je vous aide \u00e0 acc\u00e9der \u00e0 votre propre sagesse int\u00e9rieure et \u00e0 votre conscience sup\u00e9rieure afin d&rsquo;explorer et de gu\u00e9rir les probl\u00e8mes qui peuvent avoir des racines au-del\u00e0 du domaine physique. Tout comme la QHHT, la BQH permet \u00e9galement d&rsquo;explorer les vies ant\u00e9rieures, les r\u00e9alit\u00e9s parall\u00e8les et les dimensions alternatives afin d&rsquo;acqu\u00e9rir une compr\u00e9hension plus profonde de soi et de l&rsquo;univers.<\/p><\/div>\n\t\t\t\t<\/div>\n\t\t\t\t\t\t\t<div class=\"elementor-accordion-item\">\n\t\t\t\t\t<div id=\"elementor-tab-title-3222\" class=\"elementor-tab-title\" data-tab=\"2\" role=\"button\" aria-controls=\"elementor-tab-content-3222\" aria-expanded=\"false\">\n\t\t\t\t\t\t\t\t\t\t\t\t\t<span class=\"elementor-accordion-icon elementor-accordion-icon-left\" aria-hidden=\"true\">\n\t\t\t\t\t\t\t\t\t\t\t\t\t\t\t<span class=\"elementor-accordion-icon-closed\"><svg class=\"e-font-icon-svg e-fas-plus\" viewBox=\"0 0 448 512\" xmlns=\"http:\/\/www.w3.org\/2000\/svg\"><path d=\"M416 208H272V64c0-17.67-14.33-32-32-32h-32c-17.67 0-32 14.33-32 32v144H32c-17.67 0-32 14.33-32 32v32c0 17.67 14.33 32 32 32h144v144c0 17.67 14.33 32 32 32h32c17.67 0 32-14.33 32-32V304h144c17.67 0 32-14.33 32-32v-32c0-17.67-14.33-32-32-32z\"><\/path><\/svg><\/span>\n\t\t\t\t\t\t\t\t<span class=\"elementor-accordion-icon-opened\"><svg class=\"e-font-icon-svg e-fas-minus\" viewBox=\"0 0 448 512\" xmlns=\"http:\/\/www.w3.org\/2000\/svg\"><path d=\"M416 208H32c-17.67 0-32 14.33-32 32v32c0 17.67 14.33 32 32 32h384c17.67 0 32-14.33 32-32v-32c0-17.67-14.33-32-32-32z\"><\/path><\/svg><\/span>\n\t\t\t\t\t\t\t\t\t\t\t\t\t\t<\/span>\n\t\t\t\t\t\t\t\t\t\t\t\t<a class=\"elementor-accordion-title\" tabindex=\"0\">Quelle diff\u00e9rence y a t'il entre une s\u00e9ance en ligne et une s\u00e9ance  en pr\u00e9sentiel?<\/a>\n\t\t\t\t\t<\/div>\n\t\t\t\t\t<div id=\"elementor-tab-content-3222\" class=\"elementor-tab-content elementor-clearfix\" data-tab=\"2\" role=\"region\" aria-labelledby=\"elementor-tab-title-3222\"><p>La diff\u00e9rence est minime. La consid\u00e9ration la plus importante dans le choix entre une session en personne et une session en ligne est votre exp\u00e9rience et votre niveau de confort.<br><\/p><\/div>\n\t\t\t\t<\/div>\n\t\t\t\t\t\t\t\t<\/div>\n\t\t\t\t\t\t<\/div>\n\t\t\t\t<\/div>\n\t\t\t\t\t<\/div>\n\t\t\t\t<\/div>\n\t\t\t\t<\/div>\n\t\t","protected":false},"excerpt":{"rendered":"<p>BQH Au del\u00e0 du soin quantique Qu&rsquo;est ce que BQH? BQH (Beyond Quantum Healing) en fran\u00e7ais veut dire : au-del\u00e0 de la gu\u00e9rison quantique, c&rsquo;est une technique d\u00e9velopp\u00e9e par Candace Craw-Goldman. Elle vise \u00e0 acc\u00e9der aux aspects multidimensionnels de l&rsquo;\u00eatre humain et \u00e0 travailler avec eux. La BQH utilise une combinaison de m\u00e9ditation, d&rsquo;hypnose, de travail \u00e9nerg\u00e9tique et de conseils intuitifs pour faciliter la gu\u00e9rison \u00e0 tous les niveaux &#8211; physique, \u00e9motionnel, mental et spirituel. En tant que praticienne certifi\u00e9e, je vous aide \u00e0 acc\u00e9der \u00e0 votre propre sagesse int\u00e9rieure et \u00e0 votre conscience sup\u00e9rieure afin d&rsquo;explorer et de gu\u00e9rir &hellip; <\/p>\n","protected":false},"author":1,"featured_media":0,"parent":0,"menu_order":0,"comment_status":"closed","ping_status":"closed","template":"","meta":{"_monsterinsights_skip_tracking":false,"_monsterinsights_sitenote_active":false,"_monsterinsights_sitenote_note":"","_monsterinsights_sitenote_category":0,"footnotes":""},"class_list":["post-768","page","type-page","status-publish","hentry"],"yoast_head":"<!-- This site is optimized with the Yoast SEO plugin v25.2 - https:\/\/yoast.com\/wordpress\/plugins\/seo\/ -->\n<title>BQH - Guidance &amp; Energie<\/title>\n<meta name=\"robots\" content=\"index, follow, max-snippet:-1, max-image-preview:large, max-video-preview:-1\" \/>\n<link rel=\"canonical\" href=\"https:\/\/guidanceetenergie.fr\/index.php\/bqh\/\" \/>\n<meta property=\"og:locale\" content=\"fr_FR\" \/>\n<meta property=\"og:type\" content=\"article\" \/>\n<meta property=\"og:title\" content=\"BQH - Guidance &amp; Energie\" \/>\n<meta property=\"og:description\" content=\"BQH Au del\u00e0 du soin quantique Qu&rsquo;est ce que BQH? BQH (Beyond Quantum Healing) en fran\u00e7ais veut dire : au-del\u00e0 de la gu\u00e9rison quantique, c&rsquo;est une technique d\u00e9velopp\u00e9e par Candace Craw-Goldman. Elle vise \u00e0 acc\u00e9der aux aspects multidimensionnels de l&rsquo;\u00eatre humain et \u00e0 travailler avec eux. La BQH utilise une combinaison de m\u00e9ditation, d&rsquo;hypnose, de travail \u00e9nerg\u00e9tique et de conseils intuitifs pour faciliter la gu\u00e9rison \u00e0 tous les niveaux &#8211; physique, \u00e9motionnel, mental et spirituel. En tant que praticienne certifi\u00e9e, je vous aide \u00e0 acc\u00e9der \u00e0 votre propre sagesse int\u00e9rieure et \u00e0 votre conscience sup\u00e9rieure afin d&rsquo;explorer et de gu\u00e9rir &hellip;\" \/>\n<meta property=\"og:url\" content=\"https:\/\/guidanceetenergie.fr\/index.php\/bqh\/\" \/>\n<meta property=\"og:site_name\" content=\"Guidance &amp; Energie\" \/>\n<meta property=\"article:publisher\" content=\"https:\/\/www.facebook.com\/guidanceetenergie\" \/>\n<meta property=\"article:modified_time\" content=\"2024-08-17T13:08:38+00:00\" \/>\n<meta property=\"og:image\" content=\"https:\/\/guidanceetenergie.fr\/wp-content\/uploads\/2024\/01\/313396780_107241208860748_9180136884198259881_n.jpg\" \/>\n\t<meta property=\"og:image:width\" content=\"614\" \/>\n\t<meta property=\"og:image:height\" content=\"614\" \/>\n\t<meta property=\"og:image:type\" content=\"image\/jpeg\" \/>\n<meta name=\"twitter:card\" content=\"summary_large_image\" \/>\n<meta name=\"twitter:label1\" content=\"Dur\u00e9e de lecture estim\u00e9e\" \/>\n\t<meta name=\"twitter:data1\" content=\"1 minute\" \/>\n<script type=\"application\/ld+json\" class=\"yoast-schema-graph\">{\"@context\":\"https:\/\/schema.org\",\"@graph\":[{\"@type\":\"WebPage\",\"@id\":\"https:\/\/guidanceetenergie.fr\/index.php\/bqh\/\",\"url\":\"https:\/\/guidanceetenergie.fr\/index.php\/bqh\/\",\"name\":\"BQH - Guidance &amp; Energie\",\"isPartOf\":{\"@id\":\"https:\/\/guidanceetenergie.fr\/#website\"},\"datePublished\":\"2024-08-17T10:07:13+00:00\",\"dateModified\":\"2024-08-17T13:08:38+00:00\",\"breadcrumb\":{\"@id\":\"https:\/\/guidanceetenergie.fr\/index.php\/bqh\/#breadcrumb\"},\"inLanguage\":\"fr-FR\",\"potentialAction\":[{\"@type\":\"ReadAction\",\"target\":[\"https:\/\/guidanceetenergie.fr\/index.php\/bqh\/\"]}]},{\"@type\":\"BreadcrumbList\",\"@id\":\"https:\/\/guidanceetenergie.fr\/index.php\/bqh\/#breadcrumb\",\"itemListElement\":[{\"@type\":\"ListItem\",\"position\":1,\"name\":\"Accueil\",\"item\":\"https:\/\/guidanceetenergie.fr\/\"},{\"@type\":\"ListItem\",\"position\":2,\"name\":\"BQH\"}]},{\"@type\":\"WebSite\",\"@id\":\"https:\/\/guidanceetenergie.fr\/#website\",\"url\":\"https:\/\/guidanceetenergie.fr\/\",\"name\":\"Guidance & Energie\",\"description\":\"Soins \u00e9nerg\u00e9tiques et d\u00e9veloppement personnel\",\"publisher\":{\"@id\":\"https:\/\/guidanceetenergie.fr\/#organization\"},\"alternateName\":\"Hypnose Reiki\",\"potentialAction\":[{\"@type\":\"SearchAction\",\"target\":{\"@type\":\"EntryPoint\",\"urlTemplate\":\"https:\/\/guidanceetenergie.fr\/?s={search_term_string}\"},\"query-input\":{\"@type\":\"PropertyValueSpecification\",\"valueRequired\":true,\"valueName\":\"search_term_string\"}}],\"inLanguage\":\"fr-FR\"},{\"@type\":\"Organization\",\"@id\":\"https:\/\/guidanceetenergie.fr\/#organization\",\"name\":\"Guidance & Energie\",\"url\":\"https:\/\/guidanceetenergie.fr\/\",\"logo\":{\"@type\":\"ImageObject\",\"inLanguage\":\"fr-FR\",\"@id\":\"https:\/\/guidanceetenergie.fr\/#\/schema\/logo\/image\/\",\"url\":\"https:\/\/guidanceetenergie.fr\/wp-content\/uploads\/2024\/01\/313396780_107241208860748_9180136884198259881_n.jpg\",\"contentUrl\":\"https:\/\/guidanceetenergie.fr\/wp-content\/uploads\/2024\/01\/313396780_107241208860748_9180136884198259881_n.jpg\",\"width\":614,\"height\":614,\"caption\":\"Guidance & Energie\"},\"image\":{\"@id\":\"https:\/\/guidanceetenergie.fr\/#\/schema\/logo\/image\/\"},\"sameAs\":[\"https:\/\/www.facebook.com\/guidanceetenergie\"]}]}<\/script>\n<!-- \/ Yoast SEO plugin. -->","yoast_head_json":{"title":"BQH - Guidance &amp; Energie","robots":{"index":"index","follow":"follow","max-snippet":"max-snippet:-1","max-image-preview":"max-image-preview:large","max-video-preview":"max-video-preview:-1"},"canonical":"https:\/\/guidanceetenergie.fr\/index.php\/bqh\/","og_locale":"fr_FR","og_type":"article","og_title":"BQH - Guidance &amp; Energie","og_description":"BQH Au del\u00e0 du soin quantique Qu&rsquo;est ce que BQH? BQH (Beyond Quantum Healing) en fran\u00e7ais veut dire : au-del\u00e0 de la gu\u00e9rison quantique, c&rsquo;est une technique d\u00e9velopp\u00e9e par Candace Craw-Goldman. Elle vise \u00e0 acc\u00e9der aux aspects multidimensionnels de l&rsquo;\u00eatre humain et \u00e0 travailler avec eux. La BQH utilise une combinaison de m\u00e9ditation, d&rsquo;hypnose, de travail \u00e9nerg\u00e9tique et de conseils intuitifs pour faciliter la gu\u00e9rison \u00e0 tous les niveaux &#8211; physique, \u00e9motionnel, mental et spirituel. En tant que praticienne certifi\u00e9e, je vous aide \u00e0 acc\u00e9der \u00e0 votre propre sagesse int\u00e9rieure et \u00e0 votre conscience sup\u00e9rieure afin d&rsquo;explorer et de gu\u00e9rir &hellip;","og_url":"https:\/\/guidanceetenergie.fr\/index.php\/bqh\/","og_site_name":"Guidance &amp; Energie","article_publisher":"https:\/\/www.facebook.com\/guidanceetenergie","article_modified_time":"2024-08-17T13:08:38+00:00","og_image":[{"width":614,"height":614,"url":"https:\/\/guidanceetenergie.fr\/wp-content\/uploads\/2024\/01\/313396780_107241208860748_9180136884198259881_n.jpg","type":"image\/jpeg"}],"twitter_card":"summary_large_image","twitter_misc":{"Dur\u00e9e de lecture estim\u00e9e":"1 minute"},"schema":{"@context":"https:\/\/schema.org","@graph":[{"@type":"WebPage","@id":"https:\/\/guidanceetenergie.fr\/index.php\/bqh\/","url":"https:\/\/guidanceetenergie.fr\/index.php\/bqh\/","name":"BQH - Guidance &amp; Energie","isPartOf":{"@id":"https:\/\/guidanceetenergie.fr\/#website"},"datePublished":"2024-08-17T10:07:13+00:00","dateModified":"2024-08-17T13:08:38+00:00","breadcrumb":{"@id":"https:\/\/guidanceetenergie.fr\/index.php\/bqh\/#breadcrumb"},"inLanguage":"fr-FR","potentialAction":[{"@type":"ReadAction","target":["https:\/\/guidanceetenergie.fr\/index.php\/bqh\/"]}]},{"@type":"BreadcrumbList","@id":"https:\/\/guidanceetenergie.fr\/index.php\/bqh\/#breadcrumb","itemListElement":[{"@type":"ListItem","position":1,"name":"Accueil","item":"https:\/\/guidanceetenergie.fr\/"},{"@type":"ListItem","position":2,"name":"BQH"}]},{"@type":"WebSite","@id":"https:\/\/guidanceetenergie.fr\/#website","url":"https:\/\/guidanceetenergie.fr\/","name":"Guidance & Energie","description":"Soins \u00e9nerg\u00e9tiques et d\u00e9veloppement personnel","publisher":{"@id":"https:\/\/guidanceetenergie.fr\/#organization"},"alternateName":"Hypnose Reiki","potentialAction":[{"@type":"SearchAction","target":{"@type":"EntryPoint","urlTemplate":"https:\/\/guidanceetenergie.fr\/?s={search_term_string}"},"query-input":{"@type":"PropertyValueSpecification","valueRequired":true,"valueName":"search_term_string"}}],"inLanguage":"fr-FR"},{"@type":"Organization","@id":"https:\/\/guidanceetenergie.fr\/#organization","name":"Guidance & Energie","url":"https:\/\/guidanceetenergie.fr\/","logo":{"@type":"ImageObject","inLanguage":"fr-FR","@id":"https:\/\/guidanceetenergie.fr\/#\/schema\/logo\/image\/","url":"https:\/\/guidanceetenergie.fr\/wp-content\/uploads\/2024\/01\/313396780_107241208860748_9180136884198259881_n.jpg","contentUrl":"https:\/\/guidanceetenergie.fr\/wp-content\/uploads\/2024\/01\/313396780_107241208860748_9180136884198259881_n.jpg","width":614,"height":614,"caption":"Guidance & Energie"},"image":{"@id":"https:\/\/guidanceetenergie.fr\/#\/schema\/logo\/image\/"},"sameAs":["https:\/\/www.facebook.com\/guidanceetenergie"]}]}},"_links":{"self":[{"href":"https:\/\/guidanceetenergie.fr\/index.php\/wp-json\/wp\/v2\/pages\/768","targetHints":{"allow":["GET"]}}],"collection":[{"href":"https:\/\/guidanceetenergie.fr\/index.php\/wp-json\/wp\/v2\/pages"}],"about":[{"href":"https:\/\/guidanceetenergie.fr\/index.php\/wp-json\/wp\/v2\/types\/page"}],"author":[{"embeddable":true,"href":"https:\/\/guidanceetenergie.fr\/index.php\/wp-json\/wp\/v2\/users\/1"}],"replies":[{"embeddable":true,"href":"https:\/\/guidanceetenergie.fr\/index.php\/wp-json\/wp\/v2\/comments?post=768"}],"version-history":[{"count":10,"href":"https:\/\/guidanceetenergie.fr\/index.php\/wp-json\/wp\/v2\/pages\/768\/revisions"}],"predecessor-version":[{"id":779,"href":"https:\/\/guidanceetenergie.fr\/index.php\/wp-json\/wp\/v2\/pages\/768\/revisions\/779"}],"wp:attachment":[{"href":"https:\/\/guidanceetenergie.fr\/index.php\/wp-json\/wp\/v2\/media?parent=768"}],"curies":[{"name":"wp","href":"https:\/\/api.w.org\/{rel}","templated":true}]}}