{"id":2,"date":"2024-01-18T22:13:20","date_gmt":"2024-01-18T21:13:20","guid":{"rendered":"http:\/\/guidanceetenergie.fr\/?page_id=2"},"modified":"2025-04-16T09:13:46","modified_gmt":"2025-04-16T07:13:46","slug":"guidance-et-energie","status":"publish","type":"page","link":"https:\/\/guidanceetenergie.fr\/","title":{"rendered":"Accueil"},"content":{"rendered":"\t\t<div data-elementor-type=\"wp-page\" data-elementor-id=\"2\" class=\"elementor elementor-2\">\n\t\t\t\t<div class=\"elementor-element elementor-element-71a8b38 e-flex e-con-boxed e-con e-parent\" data-id=\"71a8b38\" data-element_type=\"container\" data-e-type=\"container\">\n\t\t\t\t\t<div class=\"e-con-inner\">\n\t\t\t\t<div class=\"elementor-element elementor-element-2931c58 elementor-widget elementor-widget-text-editor\" data-id=\"2931c58\" data-element_type=\"widget\" data-e-type=\"widget\" data-widget_type=\"text-editor.default\">\n\t\t\t\t<div class=\"elementor-widget-container\">\n\t\t\t\t\t\t\t\t\t<p><span style=\"color: #ffffff;\">Guidance et Energie<\/span><\/p>\t\t\t\t\t\t\t\t<\/div>\n\t\t\t\t<\/div>\n\t\t\t\t\t<\/div>\n\t\t\t\t<\/div>\n\t\t<div class=\"elementor-element elementor-element-9cf1e4b e-flex e-con-boxed e-con e-parent\" data-id=\"9cf1e4b\" data-element_type=\"container\" data-e-type=\"container\">\n\t\t\t\t\t<div class=\"e-con-inner\">\n\t\t<div class=\"elementor-element elementor-element-1f1b172 animated-slow e-con-full e-flex elementor-invisible e-con e-child\" data-id=\"1f1b172\" data-element_type=\"container\" data-e-type=\"container\" data-settings=\"{&quot;animation&quot;:&quot;fadeInLeft&quot;,&quot;background_background&quot;:&quot;classic&quot;}\">\n\t\t\t\t<div class=\"elementor-element elementor-element-3a3ab27 elementor-widget elementor-widget-heading\" data-id=\"3a3ab27\" data-element_type=\"widget\" data-e-type=\"widget\" data-widget_type=\"heading.default\">\n\t\t\t\t<div class=\"elementor-widget-container\">\n\t\t\t\t\t<h2 class=\"elementor-heading-title elementor-size-default\">Mon r\u00f4le<\/h2>\t\t\t\t<\/div>\n\t\t\t\t<\/div>\n\t\t\t\t<div class=\"elementor-element elementor-element-8cbe733 elementor-widget elementor-widget-text-editor\" data-id=\"8cbe733\" data-element_type=\"widget\" data-e-type=\"widget\" data-widget_type=\"text-editor.default\">\n\t\t\t\t<div class=\"elementor-widget-container\">\n\t\t\t\t\t\t\t\t\t<p>Mettre \u00e0 profit mon savoir-faire au service de\u00a0votre bien-\u00eatre.<br \/>Parce que la sant\u00e9 est \u00e0 la port\u00e9e de chacun, je serai ravie de vous accompagner vers votre <strong>mieux-\u00eatre global.<\/strong><\/p>\t\t\t\t\t\t\t\t<\/div>\n\t\t\t\t<\/div>\n\t\t\t\t<\/div>\n\t\t\t\t\t<\/div>\n\t\t\t\t<\/div>\n\t\t<div class=\"elementor-element elementor-element-8acde15 e-flex e-con-boxed e-con e-parent\" data-id=\"8acde15\" data-element_type=\"container\" data-e-type=\"container\">\n\t\t\t\t\t<div class=\"e-con-inner\">\n\t\t<div class=\"elementor-element elementor-element-fe9efc2 e-con-full e-flex e-con e-child\" data-id=\"fe9efc2\" data-element_type=\"container\" data-e-type=\"container\">\n\t\t\t\t<div class=\"elementor-element elementor-element-81e25c5 elementor-widget-divider--view-line elementor-widget elementor-widget-divider\" data-id=\"81e25c5\" data-element_type=\"widget\" data-e-type=\"widget\" data-widget_type=\"divider.default\">\n\t\t\t\t<div class=\"elementor-widget-container\">\n\t\t\t\t\t\t\t<div class=\"elementor-divider\">\n\t\t\t<span class=\"elementor-divider-separator\">\n\t\t\t\t\t\t<\/span>\n\t\t<\/div>\n\t\t\t\t\t\t<\/div>\n\t\t\t\t<\/div>\n\t\t\t\t<\/div>\n\t\t\t\t\t<\/div>\n\t\t\t\t<\/div>\n\t\t<div class=\"elementor-element elementor-element-551b243 e-flex e-con-boxed e-con e-parent\" data-id=\"551b243\" data-element_type=\"container\" data-e-type=\"container\">\n\t\t\t\t\t<div class=\"e-con-inner\">\n\t\t<div class=\"elementor-element elementor-element-7ffaa19 animated-slow e-con-full e-flex elementor-invisible e-con e-child\" data-id=\"7ffaa19\" data-element_type=\"container\" data-e-type=\"container\" data-settings=\"{&quot;background_background&quot;:&quot;classic&quot;,&quot;animation&quot;:&quot;fadeInRight&quot;}\">\n\t\t\t\t<div class=\"elementor-element elementor-element-9cc94fa elementor-widget elementor-widget-heading\" data-id=\"9cc94fa\" data-element_type=\"widget\" data-e-type=\"widget\" data-widget_type=\"heading.default\">\n\t\t\t\t<div class=\"elementor-widget-container\">\n\t\t\t\t\t<h2 class=\"elementor-heading-title elementor-size-default\">Mon parcours<\/h2>\t\t\t\t<\/div>\n\t\t\t\t<\/div>\n\t\t\t\t<div class=\"elementor-element elementor-element-d43a4cc elementor-widget elementor-widget-text-editor\" data-id=\"d43a4cc\" data-element_type=\"widget\" data-e-type=\"widget\" data-widget_type=\"text-editor.default\">\n\t\t\t\t<div class=\"elementor-widget-container\">\n\t\t\t\t\t\t\t\t\t<ul><li>Ma\u00eetre enseignant Reiki depuis 2022<\/li><li>Dipl\u00f4m\u00e9e de l&rsquo;\u00e9cole <a href=\"https:\/\/www.institut-mingmen.fr\/\">Ming-Meng en r\u00e9flexologie plantaire<\/a> depuis 2023\u00a0<\/li><li>Praticienne en Hypnose Quantique R\u00e9gressive de l&rsquo;\u00e9cole Dolor\u00e8s Canon depuis 2024<\/li><li>Passionn\u00e9e par la phytoth\u00e9rapie, l&rsquo;aromath\u00e9rapie, la num\u00e9rologie, la lithoth\u00e9rapie et l&rsquo;alchimie&#8230;<\/li><\/ul>\t\t\t\t\t\t\t\t<\/div>\n\t\t\t\t<\/div>\n\t\t\t\t<\/div>\n\t\t\t\t\t<\/div>\n\t\t\t\t<\/div>\n\t\t<div class=\"elementor-element elementor-element-d4d9aad e-flex e-con-boxed e-con e-parent\" data-id=\"d4d9aad\" data-element_type=\"container\" data-e-type=\"container\">\n\t\t\t\t\t<div class=\"e-con-inner\">\n\t\t<div class=\"elementor-element elementor-element-86cd904 e-con-full e-flex e-con e-child\" data-id=\"86cd904\" data-element_type=\"container\" data-e-type=\"container\">\n\t\t<div class=\"elementor-element elementor-element-aeeed79 e-con-full e-flex e-con e-child\" data-id=\"aeeed79\" data-element_type=\"container\" data-e-type=\"container\">\n\t\t\t\t<div class=\"elementor-element elementor-element-dd98a5c elementor-widget-divider--view-line elementor-widget elementor-widget-divider\" data-id=\"dd98a5c\" data-element_type=\"widget\" data-e-type=\"widget\" data-widget_type=\"divider.default\">\n\t\t\t\t<div class=\"elementor-widget-container\">\n\t\t\t\t\t\t\t<div class=\"elementor-divider\">\n\t\t\t<span class=\"elementor-divider-separator\">\n\t\t\t\t\t\t<\/span>\n\t\t<\/div>\n\t\t\t\t\t\t<\/div>\n\t\t\t\t<\/div>\n\t\t\t\t<\/div>\n\t\t\t\t<\/div>\n\t\t\t\t\t<\/div>\n\t\t\t\t<\/div>\n\t\t<div class=\"elementor-element elementor-element-694be99 e-flex e-con-boxed e-con e-parent\" data-id=\"694be99\" data-element_type=\"container\" data-e-type=\"container\">\n\t\t\t\t\t<div class=\"e-con-inner\">\n\t\t<div class=\"elementor-element elementor-element-4590269 animated-slow e-con-full e-flex elementor-invisible e-con e-child\" data-id=\"4590269\" data-element_type=\"container\" data-e-type=\"container\" data-settings=\"{&quot;animation&quot;:&quot;fadeInLeft&quot;,&quot;background_background&quot;:&quot;classic&quot;}\">\n\t\t\t\t<div class=\"elementor-element elementor-element-0272216 elementor-widget elementor-widget-heading\" data-id=\"0272216\" data-element_type=\"widget\" data-e-type=\"widget\" data-widget_type=\"heading.default\">\n\t\t\t\t<div class=\"elementor-widget-container\">\n\t\t\t\t\t<h2 class=\"elementor-heading-title elementor-size-default\">Me rencontrer !<\/h2>\t\t\t\t<\/div>\n\t\t\t\t<\/div>\n\t\t\t\t<div class=\"elementor-element elementor-element-77711f9 elementor-widget elementor-widget-text-editor\" data-id=\"77711f9\" data-element_type=\"widget\" data-e-type=\"widget\" data-widget_type=\"text-editor.default\">\n\t\t\t\t<div class=\"elementor-widget-container\">\n\t\t\t\t\t\t\t\t\t<ul><li>Chez moi,\u00a0 <a href=\"https:\/\/maps.app.goo.gl\/H3CazmEiFG5qjk139\">Villafans<\/a> (70110), dans un espace chaleureux et paisible.<\/li><li>Je peux me d\u00e9placer <strong>\u00e0 votre domicile<\/strong> avec mon \u00e9quipement, pour les soins \u00e9nerg\u00e9tiques uniquement.\u00a0<a href=\"https:\/\/guidanceetenergie.fr\/index.php\/contact\/\" target=\"_blank\" rel=\"noopener\">Prendre rendez-vous\u00a0<\/a><\/li><\/ul>\t\t\t\t\t\t\t\t<\/div>\n\t\t\t\t<\/div>\n\t\t\t\t<\/div>\n\t\t\t\t\t<\/div>\n\t\t\t\t<\/div>\n\t\t<div class=\"elementor-element elementor-element-47a7214 e-flex e-con-boxed e-con e-parent\" data-id=\"47a7214\" data-element_type=\"container\" data-e-type=\"container\">\n\t\t\t\t\t<div class=\"e-con-inner\">\n\t\t\t\t<div class=\"elementor-element elementor-element-9f45733 elementor-widget-divider--view-line elementor-widget elementor-widget-divider\" data-id=\"9f45733\" data-element_type=\"widget\" data-e-type=\"widget\" data-widget_type=\"divider.default\">\n\t\t\t\t<div class=\"elementor-widget-container\">\n\t\t\t\t\t\t\t<div class=\"elementor-divider\">\n\t\t\t<span class=\"elementor-divider-separator\">\n\t\t\t\t\t\t<\/span>\n\t\t<\/div>\n\t\t\t\t\t\t<\/div>\n\t\t\t\t<\/div>\n\t\t\t\t\t<\/div>\n\t\t\t\t<\/div>\n\t\t<div class=\"elementor-element elementor-element-90a0e0e e-flex e-con-boxed e-con e-parent\" data-id=\"90a0e0e\" data-element_type=\"container\" data-e-type=\"container\">\n\t\t\t\t\t<div class=\"e-con-inner\">\n\t\t\t\t<div class=\"elementor-element elementor-element-ca79686 elementor-position-left elementor-vertical-align-top elementor-widget elementor-widget-image-box\" data-id=\"ca79686\" data-element_type=\"widget\" data-e-type=\"widget\" data-widget_type=\"image-box.default\">\n\t\t\t\t<div class=\"elementor-widget-container\">\n\t\t\t\t\t<div class=\"elementor-image-box-wrapper\"><figure class=\"elementor-image-box-img\"><img fetchpriority=\"high\" decoding=\"async\" width=\"2048\" height=\"1535\" src=\"https:\/\/guidanceetenergie.fr\/wp-content\/uploads\/2024\/01\/Clo.jpg\" class=\"attachment-full size-full wp-image-101\" alt=\"Guidance et \u00c9nergie Clotilde Forelle\" srcset=\"https:\/\/guidanceetenergie.fr\/wp-content\/uploads\/2024\/01\/Clo.jpg 2048w, https:\/\/guidanceetenergie.fr\/wp-content\/uploads\/2024\/01\/Clo-300x225.jpg 300w, https:\/\/guidanceetenergie.fr\/wp-content\/uploads\/2024\/01\/Clo-1024x768.jpg 1024w, https:\/\/guidanceetenergie.fr\/wp-content\/uploads\/2024\/01\/Clo-768x576.jpg 768w, https:\/\/guidanceetenergie.fr\/wp-content\/uploads\/2024\/01\/Clo-1536x1151.jpg 1536w, https:\/\/guidanceetenergie.fr\/wp-content\/uploads\/2024\/01\/Clo-80x60.jpg 80w\" sizes=\"(max-width: 2048px) 100vw, 2048px\" \/><\/figure><div class=\"elementor-image-box-content\"><h3 class=\"elementor-image-box-title\">Clotilde FORELLE<\/h3><p class=\"elementor-image-box-description\">Ma\u00eetre enseignante en Reiki Usui et Praticienne en Hypnose quantique r\u00e9gressive (QHHT), je propose des soins \u00e9nerg\u00e9tiques et des formations individuelles pour r\u00e9veiller le\/la gu\u00e9risseur(se) qui est en vous et que vous avez oubli\u00e9..<\/p><\/div><\/div>\t\t\t\t<\/div>\n\t\t\t\t<\/div>\n\t\t\t\t\t<\/div>\n\t\t\t\t<\/div>\n\t\t\t\t<\/div>\n\t\t","protected":false},"excerpt":{"rendered":"<p>Guidance et Energie Mon r\u00f4le Mettre \u00e0 profit mon savoir-faire au service de\u00a0votre bien-\u00eatre.Parce que la sant\u00e9 est \u00e0 la port\u00e9e de chacun, je serai ravie de vous accompagner vers votre mieux-\u00eatre global. Mon parcours Ma\u00eetre enseignant Reiki depuis 2022 Dipl\u00f4m\u00e9e de l&rsquo;\u00e9cole Ming-Meng en r\u00e9flexologie plantaire depuis 2023\u00a0 Praticienne en Hypnose Quantique R\u00e9gressive de l&rsquo;\u00e9cole Dolor\u00e8s Canon depuis 2024 Passionn\u00e9e par la phytoth\u00e9rapie, l&rsquo;aromath\u00e9rapie, la num\u00e9rologie, la lithoth\u00e9rapie et l&rsquo;alchimie&#8230; Me rencontrer ! Chez moi,\u00a0 Villafans (70110), dans un espace chaleureux et paisible. Je peux me d\u00e9placer \u00e0 votre domicile avec mon \u00e9quipement, pour les soins \u00e9nerg\u00e9tiques uniquement.\u00a0Prendre rendez-vous\u00a0 &hellip; <\/p>\n","protected":false},"author":1,"featured_media":0,"parent":0,"menu_order":0,"comment_status":"closed","ping_status":"open","template":"","meta":{"_monsterinsights_skip_tracking":false,"_monsterinsights_sitenote_active":false,"_monsterinsights_sitenote_note":"","_monsterinsights_sitenote_category":0,"footnotes":""},"class_list":["post-2","page","type-page","status-publish","hentry"],"yoast_head":"<!-- This site is optimized with the Yoast SEO plugin v25.2 - https:\/\/yoast.com\/wordpress\/plugins\/seo\/ -->\n<title>Guidance et Energie - Clotilde Forelle hypnose reiki<\/title>\n<meta name=\"description\" content=\"Guidance et Energie, Clotilde Forelle praticienne en hypnose quantique r\u00e9gressive, reiki, formation de reiki et r\u00e9flexologie Villafans\" \/>\n<meta name=\"robots\" content=\"index, follow, max-snippet:-1, max-image-preview:large, max-video-preview:-1\" \/>\n<link rel=\"canonical\" href=\"https:\/\/guidanceetenergie.fr\/\" \/>\n<meta property=\"og:locale\" content=\"fr_FR\" \/>\n<meta property=\"og:type\" content=\"article\" \/>\n<meta property=\"og:title\" content=\"Guidance et Energie - Clotilde Forelle hypnose reiki\" \/>\n<meta property=\"og:description\" content=\"Guidance et Energie, Clotilde Forelle praticienne en hypnose quantique r\u00e9gressive, reiki, formation de reiki et r\u00e9flexologie Villafans\" \/>\n<meta property=\"og:url\" content=\"https:\/\/guidanceetenergie.fr\/\" \/>\n<meta property=\"og:site_name\" content=\"Guidance &amp; Energie\" \/>\n<meta property=\"article:publisher\" content=\"https:\/\/www.facebook.com\/guidanceetenergie\" \/>\n<meta property=\"article:modified_time\" content=\"2025-04-16T07:13:46+00:00\" \/>\n<meta property=\"og:image\" content=\"https:\/\/guidanceetenergie.fr\/wp-content\/uploads\/2024\/01\/Clo.jpg\" \/>\n\t<meta property=\"og:image:width\" content=\"2048\" \/>\n\t<meta property=\"og:image:height\" content=\"1535\" \/>\n\t<meta property=\"og:image:type\" content=\"image\/jpeg\" \/>\n<meta name=\"twitter:card\" content=\"summary_large_image\" \/>\n<meta name=\"twitter:label1\" content=\"Dur\u00e9e de lecture estim\u00e9e\" \/>\n\t<meta name=\"twitter:data1\" content=\"1 minute\" \/>\n<script type=\"application\/ld+json\" class=\"yoast-schema-graph\">{\"@context\":\"https:\/\/schema.org\",\"@graph\":[{\"@type\":\"WebPage\",\"@id\":\"https:\/\/guidanceetenergie.fr\/\",\"url\":\"https:\/\/guidanceetenergie.fr\/\",\"name\":\"Guidance et Energie - Clotilde Forelle hypnose reiki\",\"isPartOf\":{\"@id\":\"https:\/\/guidanceetenergie.fr\/#website\"},\"primaryImageOfPage\":{\"@id\":\"https:\/\/guidanceetenergie.fr\/#primaryimage\"},\"image\":{\"@id\":\"https:\/\/guidanceetenergie.fr\/#primaryimage\"},\"thumbnailUrl\":\"https:\/\/guidanceetenergie.fr\/wp-content\/uploads\/2024\/01\/Clo.jpg\",\"datePublished\":\"2024-01-18T21:13:20+00:00\",\"dateModified\":\"2025-04-16T07:13:46+00:00\",\"description\":\"Guidance et Energie, Clotilde Forelle praticienne en hypnose quantique r\u00e9gressive, reiki, formation de reiki et r\u00e9flexologie Villafans\",\"breadcrumb\":{\"@id\":\"https:\/\/guidanceetenergie.fr\/#breadcrumb\"},\"inLanguage\":\"fr-FR\",\"potentialAction\":[{\"@type\":\"ReadAction\",\"target\":[\"https:\/\/guidanceetenergie.fr\/\"]}]},{\"@type\":\"ImageObject\",\"inLanguage\":\"fr-FR\",\"@id\":\"https:\/\/guidanceetenergie.fr\/#primaryimage\",\"url\":\"https:\/\/guidanceetenergie.fr\/wp-content\/uploads\/2024\/01\/Clo.jpg\",\"contentUrl\":\"https:\/\/guidanceetenergie.fr\/wp-content\/uploads\/2024\/01\/Clo.jpg\",\"width\":2048,\"height\":1535,\"caption\":\"Guidance et \u00c9nergie Clotilde Forelle\"},{\"@type\":\"BreadcrumbList\",\"@id\":\"https:\/\/guidanceetenergie.fr\/#breadcrumb\",\"itemListElement\":[{\"@type\":\"ListItem\",\"position\":1,\"name\":\"Accueil\",\"item\":\"https:\/\/guidanceetenergie.fr\/\"},{\"@type\":\"ListItem\",\"position\":2,\"name\":\"Accueil\"}]},{\"@type\":\"WebSite\",\"@id\":\"https:\/\/guidanceetenergie.fr\/#website\",\"url\":\"https:\/\/guidanceetenergie.fr\/\",\"name\":\"Guidance & Energie\",\"description\":\"Soins \u00e9nerg\u00e9tiques et d\u00e9veloppement personnel\",\"publisher\":{\"@id\":\"https:\/\/guidanceetenergie.fr\/#organization\"},\"alternateName\":\"Hypnose Reiki\",\"potentialAction\":[{\"@type\":\"SearchAction\",\"target\":{\"@type\":\"EntryPoint\",\"urlTemplate\":\"https:\/\/guidanceetenergie.fr\/?s={search_term_string}\"},\"query-input\":{\"@type\":\"PropertyValueSpecification\",\"valueRequired\":true,\"valueName\":\"search_term_string\"}}],\"inLanguage\":\"fr-FR\"},{\"@type\":\"Organization\",\"@id\":\"https:\/\/guidanceetenergie.fr\/#organization\",\"name\":\"Guidance & Energie\",\"url\":\"https:\/\/guidanceetenergie.fr\/\",\"logo\":{\"@type\":\"ImageObject\",\"inLanguage\":\"fr-FR\",\"@id\":\"https:\/\/guidanceetenergie.fr\/#\/schema\/logo\/image\/\",\"url\":\"https:\/\/guidanceetenergie.fr\/wp-content\/uploads\/2024\/01\/313396780_107241208860748_9180136884198259881_n.jpg\",\"contentUrl\":\"https:\/\/guidanceetenergie.fr\/wp-content\/uploads\/2024\/01\/313396780_107241208860748_9180136884198259881_n.jpg\",\"width\":614,\"height\":614,\"caption\":\"Guidance & Energie\"},\"image\":{\"@id\":\"https:\/\/guidanceetenergie.fr\/#\/schema\/logo\/image\/\"},\"sameAs\":[\"https:\/\/www.facebook.com\/guidanceetenergie\"]}]}<\/script>\n<!-- \/ Yoast SEO plugin. -->","yoast_head_json":{"title":"Guidance et Energie - Clotilde Forelle hypnose reiki","description":"Guidance et Energie, Clotilde Forelle praticienne en hypnose quantique r\u00e9gressive, reiki, formation de reiki et r\u00e9flexologie Villafans","robots":{"index":"index","follow":"follow","max-snippet":"max-snippet:-1","max-image-preview":"max-image-preview:large","max-video-preview":"max-video-preview:-1"},"canonical":"https:\/\/guidanceetenergie.fr\/","og_locale":"fr_FR","og_type":"article","og_title":"Guidance et Energie - Clotilde Forelle hypnose reiki","og_description":"Guidance et Energie, Clotilde Forelle praticienne en hypnose quantique r\u00e9gressive, reiki, formation de reiki et r\u00e9flexologie Villafans","og_url":"https:\/\/guidanceetenergie.fr\/","og_site_name":"Guidance &amp; Energie","article_publisher":"https:\/\/www.facebook.com\/guidanceetenergie","article_modified_time":"2025-04-16T07:13:46+00:00","og_image":[{"width":2048,"height":1535,"url":"https:\/\/guidanceetenergie.fr\/wp-content\/uploads\/2024\/01\/Clo.jpg","type":"image\/jpeg"}],"twitter_card":"summary_large_image","twitter_misc":{"Dur\u00e9e de lecture estim\u00e9e":"1 minute"},"schema":{"@context":"https:\/\/schema.org","@graph":[{"@type":"WebPage","@id":"https:\/\/guidanceetenergie.fr\/","url":"https:\/\/guidanceetenergie.fr\/","name":"Guidance et Energie - Clotilde Forelle hypnose reiki","isPartOf":{"@id":"https:\/\/guidanceetenergie.fr\/#website"},"primaryImageOfPage":{"@id":"https:\/\/guidanceetenergie.fr\/#primaryimage"},"image":{"@id":"https:\/\/guidanceetenergie.fr\/#primaryimage"},"thumbnailUrl":"https:\/\/guidanceetenergie.fr\/wp-content\/uploads\/2024\/01\/Clo.jpg","datePublished":"2024-01-18T21:13:20+00:00","dateModified":"2025-04-16T07:13:46+00:00","description":"Guidance et Energie, Clotilde Forelle praticienne en hypnose quantique r\u00e9gressive, reiki, formation de reiki et r\u00e9flexologie Villafans","breadcrumb":{"@id":"https:\/\/guidanceetenergie.fr\/#breadcrumb"},"inLanguage":"fr-FR","potentialAction":[{"@type":"ReadAction","target":["https:\/\/guidanceetenergie.fr\/"]}]},{"@type":"ImageObject","inLanguage":"fr-FR","@id":"https:\/\/guidanceetenergie.fr\/#primaryimage","url":"https:\/\/guidanceetenergie.fr\/wp-content\/uploads\/2024\/01\/Clo.jpg","contentUrl":"https:\/\/guidanceetenergie.fr\/wp-content\/uploads\/2024\/01\/Clo.jpg","width":2048,"height":1535,"caption":"Guidance et \u00c9nergie Clotilde Forelle"},{"@type":"BreadcrumbList","@id":"https:\/\/guidanceetenergie.fr\/#breadcrumb","itemListElement":[{"@type":"ListItem","position":1,"name":"Accueil","item":"https:\/\/guidanceetenergie.fr\/"},{"@type":"ListItem","position":2,"name":"Accueil"}]},{"@type":"WebSite","@id":"https:\/\/guidanceetenergie.fr\/#website","url":"https:\/\/guidanceetenergie.fr\/","name":"Guidance & Energie","description":"Soins \u00e9nerg\u00e9tiques et d\u00e9veloppement personnel","publisher":{"@id":"https:\/\/guidanceetenergie.fr\/#organization"},"alternateName":"Hypnose Reiki","potentialAction":[{"@type":"SearchAction","target":{"@type":"EntryPoint","urlTemplate":"https:\/\/guidanceetenergie.fr\/?s={search_term_string}"},"query-input":{"@type":"PropertyValueSpecification","valueRequired":true,"valueName":"search_term_string"}}],"inLanguage":"fr-FR"},{"@type":"Organization","@id":"https:\/\/guidanceetenergie.fr\/#organization","name":"Guidance & Energie","url":"https:\/\/guidanceetenergie.fr\/","logo":{"@type":"ImageObject","inLanguage":"fr-FR","@id":"https:\/\/guidanceetenergie.fr\/#\/schema\/logo\/image\/","url":"https:\/\/guidanceetenergie.fr\/wp-content\/uploads\/2024\/01\/313396780_107241208860748_9180136884198259881_n.jpg","contentUrl":"https:\/\/guidanceetenergie.fr\/wp-content\/uploads\/2024\/01\/313396780_107241208860748_9180136884198259881_n.jpg","width":614,"height":614,"caption":"Guidance & Energie"},"image":{"@id":"https:\/\/guidanceetenergie.fr\/#\/schema\/logo\/image\/"},"sameAs":["https:\/\/www.facebook.com\/guidanceetenergie"]}]}},"_links":{"self":[{"href":"https:\/\/guidanceetenergie.fr\/index.php\/wp-json\/wp\/v2\/pages\/2","targetHints":{"allow":["GET"]}}],"collection":[{"href":"https:\/\/guidanceetenergie.fr\/index.php\/wp-json\/wp\/v2\/pages"}],"about":[{"href":"https:\/\/guidanceetenergie.fr\/index.php\/wp-json\/wp\/v2\/types\/page"}],"author":[{"embeddable":true,"href":"https:\/\/guidanceetenergie.fr\/index.php\/wp-json\/wp\/v2\/users\/1"}],"replies":[{"embeddable":true,"href":"https:\/\/guidanceetenergie.fr\/index.php\/wp-json\/wp\/v2\/comments?post=2"}],"version-history":[{"count":68,"href":"https:\/\/guidanceetenergie.fr\/index.php\/wp-json\/wp\/v2\/pages\/2\/revisions"}],"predecessor-version":[{"id":933,"href":"https:\/\/guidanceetenergie.fr\/index.php\/wp-json\/wp\/v2\/pages\/2\/revisions\/933"}],"wp:attachment":[{"href":"https:\/\/guidanceetenergie.fr\/index.php\/wp-json\/wp\/v2\/media?parent=2"}],"curies":[{"name":"wp","href":"https:\/\/api.w.org\/{rel}","templated":true}]}}